{"id":104,"date":"2024-09-05T18:29:11","date_gmt":"2024-09-05T16:29:11","guid":{"rendered":"https:\/\/plouescale.fr\/?page_id=104"},"modified":"2024-09-05T19:31:38","modified_gmt":"2024-09-05T17:31:38","slug":"ateliers-creatifs-pour-les-enfants","status":"publish","type":"page","link":"https:\/\/plouescale.fr\/index.php\/ateliers-creatifs-pour-les-enfants\/","title":{"rendered":"Ateliers cr\u00e9atifs pour les enfants"},"content":{"rendered":"\n<figure class=\"wp-block-image size-full\"><img loading=\"lazy\" decoding=\"async\" width=\"933\" height=\"788\" src=\"https:\/\/plouescale.fr\/wp-content\/uploads\/2024\/09\/Ateliers-creatifs-1.jpg\" alt=\"\" class=\"wp-image-105\" srcset=\"https:\/\/plouescale.fr\/wp-content\/uploads\/2024\/09\/Ateliers-creatifs-1.jpg 933w, https:\/\/plouescale.fr\/wp-content\/uploads\/2024\/09\/Ateliers-creatifs-1-300x253.jpg 300w\" sizes=\"auto, (max-width: 933px) 100vw, 933px\" \/><\/figure>\n\n\n\n<p>\ud835\udc00\ud835\udc13\ud835\udc04\ud835\udc0b\ud835\udc08\ud835\udc04\ud835\udc11\ud835\udc12 \ud835\udc03&rsquo;\ud835\udc04\ud835\udc17\ud835\udc0f\ud835\udc11\ud835\udc04\ud835\udc12\ud835\udc12\ud835\udc08\ud835\udc0e\ud835\udc0d \ud835\udc02\ud835\udc11E\ud835\udc00\ud835\udc13\ud835\udc08\ud835\udc15\ud835\udc04<br>-les mercredis \u00e0 16h30-<br><img loading=\"lazy\" decoding=\"async\" height=\"16\" width=\"16\" src=\"https:\/\/static.xx.fbcdn.net\/images\/emoji.php\/v9\/t20\/1\/16\/2b07.png\" alt=\"\u2b07\ufe0f\"><img loading=\"lazy\" decoding=\"async\" height=\"16\" width=\"16\" src=\"https:\/\/static.xx.fbcdn.net\/images\/emoji.php\/v9\/t20\/1\/16\/2b07.png\" alt=\"\u2b07\ufe0f\"><img loading=\"lazy\" decoding=\"async\" height=\"16\" width=\"16\" src=\"https:\/\/static.xx.fbcdn.net\/images\/emoji.php\/v9\/t20\/1\/16\/2b07.png\" alt=\"\u2b07\ufe0f\"><br>Pour enfants de 8 \u00e0 11 ans<br>(convient particuli\u00e8rement en cas d&rsquo;\ud835\udc21\ud835\udc32\ud835\udc29\ud835\udc1e\ud835\udc2b\ud835\udc2c\ud835\udc1e\ud835\udc27\ud835\udc2c\ud835\udc22\ud835\udc1b\ud835\udc22\ud835\udc25\ud835\udc22\ud835\udc2d\u00e9, \ud835\udc1d\ud835\udc1e \ud835\udc27\ud835\udc1e\ud835\udc2e\ud835\udc2b\ud835\udc28-\ud835\udc1a\ud835\udc2d\ud835\udc32\ud835\udc29\ud835\udc22\ud835\udc1e, \ud835\udc28\ud835\udc2e \ud835\udc1d\ud835\udc1e \ud835\udc29\ud835\udc2b\ud835\udc28\ud835\udc1b\ud835\udc25\u00e8\ud835\udc26\ud835\udc1e\ud835\udc2c \ud835\udc2c\ud835\udc1c\ud835\udc28\ud835\udc25\ud835\udc1a\ud835\udc22\ud835\udc2b\ud835\udc1e\ud835\udc2c \ud835\udc1d\ud835\udc22\ud835\udc2f\ud835\udc1e\ud835\udc2b\ud835\udc2c)<\/p>\n\n\n\n<p>\ud835\udc15\ud835\udc28\ud835\udc2d\ud835\udc2b\ud835\udc1e \ud835\udc1e\ud835\udc27\ud835\udc1f\ud835\udc1a\ud835\udc27\ud835\udc2d \ud835\udc1e\ud835\udc2c\ud835\udc2d \ud835\udc1c\ud835\udc2b\u00e9\ud835\udc1a\ud835\udc2d\ud835\udc22\ud835\udc1f ? \ud835\udc08\ud835\udc25 \ud835\udc1a \ud835\udc1d\ud835\udc1e \ud835\udc25&rsquo;\ud835\udc22\ud835\udc26\ud835\udc1a\ud835\udc20\ud835\udc22\ud835\udc27\ud835\udc1a\ud835\udc2d\ud835\udc22\ud835\udc28\ud835\udc27 ?<br>Inventer des histoires, jouer avec la peinture, composer des collages, r\u00e9aliser des pliages, cr\u00e9er des mandalas, etc, tout \u00e7a c&rsquo;est son truc ?<br>Ou m\u00eame il est curieux et aime essayer de nouvelles choses ?<\/p>\n\n\n\n<p>\ud835\udc00\ud835\udc25\ud835\udc28\ud835\udc2b\ud835\udc2c \ud835\udc1c\ud835\udc1e\ud835\udc2d \ud835\udc1a\ud835\udc2d\ud835\udc1e\ud835\udc25\ud835\udc22\ud835\udc1e\ud835\udc2b \ud835\udc1e\ud835\udc2c\ud835\udc2d \ud835\udc1f\ud835\udc1a\ud835\udc22\ud835\udc2d \ud835\udc29\ud835\udc28\ud835\udc2e\ud835\udc2b \ud835\udc25\ud835\udc2e\ud835\udc22 !!!&nbsp;<img loading=\"lazy\" decoding=\"async\" height=\"16\" width=\"16\" alt=\"\ud83c\udf08\" src=\"https:\/\/static.xx.fbcdn.net\/images\/emoji.php\/v9\/t13\/1\/16\/1f308.png\"><\/p>\n\n\n\n<p>\ud835\udc0c\ud835\udc1a\ud835\udc22\ud835\udc2c \ud835\udc1d\ud835\udc1e \ud835\udc2a\ud835\udc2e\ud835\udc28\ud835\udc22 \ud835\udc2c&rsquo;\ud835\udc1a\ud835\udc20\ud835\udc22\ud835\udc2d-\ud835\udc22\ud835\udc25 \ud835\udc1a\ud835\udc2e \ud835\udc23\ud835\udc2e\ud835\udc2c\ud835\udc2d\ud835\udc1e ?<\/p>\n\n\n\n<p><img loading=\"lazy\" decoding=\"async\" height=\"16\" width=\"16\" alt=\"\ud83d\udd0e\" src=\"https:\/\/static.xx.fbcdn.net\/images\/emoji.php\/v9\/t42\/1\/16\/1f50e.png\">&nbsp;Nous partirons \u00e0 l&rsquo;aventure au sein d&rsquo;une petite \u00e9quipe de \ud835\udfd4 \ud835\udc1e\ud835\udc31\ud835\udc29\ud835\udc25\ud835\udc28\ud835\udc2b\ud835\udc1a\ud835\udc2d\ud835\udc1e\ud835\udc2e\ud835\udc2b\ud835\udc2c \ud835\udc26\ud835\udc1a\ud835\udc31\ud835\udc22\ud835\udc26\ud835\udc2e\ud835\udc26 pour aller retrouver ensemble les tr\u00e9sors cach\u00e9s au fin fond de la Nature sauvage (c&rsquo;est \u00e0 dire au fond d&rsquo;eux-m\u00eame dans leur propre monde int\u00e9rieur).<\/p>\n\n\n\n<p><img loading=\"lazy\" decoding=\"async\" height=\"16\" width=\"16\" src=\"https:\/\/static.xx.fbcdn.net\/images\/emoji.php\/v9\/tc6\/1\/16\/1f680.png\" alt=\"\ud83d\ude80\">&nbsp;Au cours de cette \ud835\udc1e\ud835\udc31\ud835\udc29\u00e9\ud835\udc1d\ud835\udc22\ud835\udc2d\ud835\udc22\ud835\udc28\ud835\udc27, diverses exp\u00e9riences cr\u00e9atives m\u00e8neront l&rsquo;enfant \u00e0 :<br>&#8211; mieux se conna\u00eetre,<br>&#8211; d\u00e9couvrir ses forces et ses ressources,<br>&#8211; apprendre \u00e0 r\u00e9guler ses \u00e9motions,<br>&#8211; g\u00e9rer son stress,<br>&#8211; renforcer sa confiance,<br>&#8211; prendre la parole, oser s&rsquo;exprimer, s&rsquo;affirmer,<br>Tout en s&rsquo;amusant et en cr\u00e9ant des liens avec ses camarades, \ud835\udc1d\ud835\udc1a\ud835\udc27\ud835\udc2c \ud835\udc25\ud835\udc1a \ud835\udc1b\ud835\udc22\ud835\udc1e\ud835\udc27\ud835\udc2f\ud835\udc1e\ud835\udc22\ud835\udc25\ud835\udc25\ud835\udc1a\ud835\udc27\ud835\udc1c\ud835\udc1e \ud835\udc1e\ud835\udc2d \ud835\udc25\ud835\udc1a \ud835\udc23\ud835\udc28\ud835\udc22\ud835\udc1e !<\/p>\n\n\n\n<p>Attention, car cela pourrait m\u00eame devenir addictif&nbsp;<img loading=\"lazy\" decoding=\"async\" height=\"16\" width=\"16\" alt=\"\ud83d\ude02\" src=\"https:\/\/static.xx.fbcdn.net\/images\/emoji.php\/v9\/td0\/1\/16\/1f602.png\"><img loading=\"lazy\" decoding=\"async\" height=\"16\" width=\"16\" alt=\"\ud83e\udd23\" src=\"https:\/\/static.xx.fbcdn.net\/images\/emoji.php\/v9\/t52\/1\/16\/1f923.png\">&nbsp;mais l&rsquo;\u00e9panouissement est contagieux alors \u00e7a ferait du bien \u00e0 tout le monde&nbsp;<img loading=\"lazy\" decoding=\"async\" height=\"16\" width=\"16\" alt=\"\ud83d\ude09\" src=\"https:\/\/static.xx.fbcdn.net\/images\/emoji.php\/v9\/t57\/1\/16\/1f609.png\"><\/p>\n\n\n\n<p>Pour embarquer dans l&rsquo;aventure, rien de plus simple :<br><img loading=\"lazy\" decoding=\"async\" height=\"16\" width=\"16\" alt=\"\u260e\ufe0f\" src=\"https:\/\/static.xx.fbcdn.net\/images\/emoji.php\/v9\/t22\/1\/16\/260e.png\">&nbsp;un petit coup de fil au \ud835\udfce\ud835\udfd4 \ud835\udfd6\ud835\udfd0 \ud835\udfd5\ud835\udfd2 \ud835\udfd3\ud835\udfcf \ud835\udfd2\ud835\udfd4<br><img loading=\"lazy\" decoding=\"async\" height=\"16\" width=\"16\" alt=\"\ud83d\udc8c\" src=\"https:\/\/static.xx.fbcdn.net\/images\/emoji.php\/v9\/tf7\/1\/16\/1f48c.png\">&nbsp;ou un mail \u00e0 \ud835\udc0b\ud835\udc1a\ud835\udc26\ud835\udc1a\ud835\udc20\ud835\udc22\ud835\udc1e\ud835\udc00\ud835\udc1c\ud835\udc28\ud835\udc1e\ud835\udc2e\ud835\udc2b\ud835\udc23\ud835\udc28\ud835\udc22\ud835\udc1e@\ud835\udc20\ud835\udc26\ud835\udc1a\ud835\udc22\ud835\udc25.\ud835\udc1c\ud835\udc28\ud835\udc26<\/p>\n\n\n\n<p>\ud835\udc0d\ud835\udc1e \ud835\udc2d\ud835\udc1a\ud835\udc2b\ud835\udc1d\ud835\udc1e\ud835\udc33 \ud835\udc29\ud835\udc1a\ud835\udc2c \u00e0 \ud835\udc2b\u00e9\ud835\udc2c\ud835\udc1e\ud835\udc2b\ud835\udc2f\ud835\udc1e\ud835\udc2b \ud835\udc1c\ud835\udc1a\ud835\udc2b \ud835\udc25\ud835\udc1e\ud835\udc2c \ud835\udc29\ud835\udc25\ud835\udc1a\ud835\udc1c\ud835\udc1e\ud835\udc2c \ud835\udc2c\ud835\udc28\ud835\udc27\ud835\udc2d \ud835\udc25\ud835\udc22\ud835\udc26\ud835\udc22\ud835\udc2d\u00e9\ud835\udc1e\ud835\udc2c !!!<\/p>\n\n\n\n<p>Cette aventure se vivra avec C\u00e9line !&nbsp;<img loading=\"lazy\" decoding=\"async\" height=\"16\" width=\"16\" alt=\"\ud83d\udcae\" src=\"https:\/\/static.xx.fbcdn.net\/images\/emoji.php\/v9\/t70\/1\/16\/1f4ae.png\"><\/p>\n\n\n\n<p>C\u00e9line\u00a0<img loading=\"lazy\" decoding=\"async\" height=\"16\" width=\"16\" src=\"https:\/\/static.xx.fbcdn.net\/images\/emoji.php\/v9\/t77\/1\/16\/1f9da_1f3fb_200d_2640.png\" alt=\"\ud83e\uddda\ud83c\udffb\u200d\u2640\ufe0f\"><br>Praticienne psycho-corporelle,<br>Sp\u00e9cialis\u00e9e dans l&rsquo;hypersensibilit\u00e9,<br>Orthophoniste<br><a href=\"https:\/\/www.facebook.com\/profile.php?id=100087077703135\">Retrouvez les informations sur Facebook<\/a><\/p>\n","protected":false},"excerpt":{"rendered":"<p>\ud835\udc00\ud835\udc13\ud835\udc04\ud835\udc0b\ud835\udc08\ud835\udc04\ud835\udc11\ud835\udc12 \ud835\udc03&rsquo;\ud835\udc04\ud835\udc17\ud835\udc0f\ud835\udc11\ud835\udc04\ud835\udc12\ud835\udc12\ud835\udc08\ud835\udc0e\ud835\udc0d \ud835\udc02\ud835\udc11E\ud835\udc00\ud835\udc13\ud835\udc08\ud835\udc15\ud835\udc04-les mercredis \u00e0 16h30-Pour enfants de 8 \u00e0 11 ans(convient particuli\u00e8rement en cas d&rsquo;\ud835\udc21\ud835\udc32\ud835\udc29\ud835\udc1e\ud835\udc2b\ud835\udc2c\ud835\udc1e\ud835\udc27\ud835\udc2c\ud835\udc22\ud835\udc1b\ud835\udc22\ud835\udc25\ud835\udc22\ud835\udc2d\u00e9, \ud835\udc1d\ud835\udc1e \ud835\udc27\ud835\udc1e\ud835\udc2e\ud835\udc2b\ud835\udc28-\ud835\udc1a\ud835\udc2d\ud835\udc32\ud835\udc29\ud835\udc22\ud835\udc1e, \ud835\udc28\ud835\udc2e \ud835\udc1d\ud835\udc1e \ud835\udc29\ud835\udc2b\ud835\udc28\ud835\udc1b\ud835\udc25\u00e8\ud835\udc26\ud835\udc1e\ud835\udc2c \ud835\udc2c\ud835\udc1c\ud835\udc28\ud835\udc25\ud835\udc1a\ud835\udc22\ud835\udc2b\ud835\udc1e\ud835\udc2c \ud835\udc1d\ud835\udc22\ud835\udc2f\ud835\udc1e\ud835\udc2b\ud835\udc2c) \ud835\udc15\ud835\udc28\ud835\udc2d\ud835\udc2b\ud835\udc1e \ud835\udc1e\ud835\udc27\ud835\udc1f\ud835\udc1a\ud835\udc27\ud835\udc2d \ud835\udc1e\ud835\udc2c\ud835\udc2d \ud835\udc1c\ud835\udc2b\u00e9\ud835\udc1a\ud835\udc2d\ud835\udc22\ud835\udc1f ? \ud835\udc08\ud835\udc25 \ud835\udc1a \ud835\udc1d\ud835\udc1e \ud835\udc25&rsquo;\ud835\udc22\ud835\udc26\ud835\udc1a\ud835\udc20\ud835\udc22\ud835\udc27\ud835\udc1a\ud835\udc2d\ud835\udc22\ud835\udc28\ud835\udc27 ?Inventer des histoires, jouer avec la peinture, composer des collages, r\u00e9aliser des pliages, cr\u00e9er des mandalas, etc, tout \u00e7a c&rsquo;est son truc ?Ou &hellip; <\/p>\n<p class=\"link-more\"><a href=\"https:\/\/plouescale.fr\/index.php\/ateliers-creatifs-pour-les-enfants\/\" class=\"more-link\">Lire la suite de<span class=\"screen-reader-text\">\u00ab\u00a0Ateliers cr\u00e9atifs pour les enfants\u00a0\u00bb<\/span><\/a><\/p>\n","protected":false},"author":1,"featured_media":0,"parent":0,"menu_order":0,"comment_status":"closed","ping_status":"closed","template":"","meta":{"footnotes":""},"class_list":["post-104","page","type-page","status-publish","hentry"],"_links":{"self":[{"href":"https:\/\/plouescale.fr\/index.php\/wp-json\/wp\/v2\/pages\/104","targetHints":{"allow":["GET"]}}],"collection":[{"href":"https:\/\/plouescale.fr\/index.php\/wp-json\/wp\/v2\/pages"}],"about":[{"href":"https:\/\/plouescale.fr\/index.php\/wp-json\/wp\/v2\/types\/page"}],"author":[{"embeddable":true,"href":"https:\/\/plouescale.fr\/index.php\/wp-json\/wp\/v2\/users\/1"}],"replies":[{"embeddable":true,"href":"https:\/\/plouescale.fr\/index.php\/wp-json\/wp\/v2\/comments?post=104"}],"version-history":[{"count":5,"href":"https:\/\/plouescale.fr\/index.php\/wp-json\/wp\/v2\/pages\/104\/revisions"}],"predecessor-version":[{"id":154,"href":"https:\/\/plouescale.fr\/index.php\/wp-json\/wp\/v2\/pages\/104\/revisions\/154"}],"wp:attachment":[{"href":"https:\/\/plouescale.fr\/index.php\/wp-json\/wp\/v2\/media?parent=104"}],"curies":[{"name":"wp","href":"https:\/\/api.w.org\/{rel}","templated":true}]}}