{"id":179,"date":"2024-09-16T18:38:57","date_gmt":"2024-09-16T16:38:57","guid":{"rendered":"https:\/\/plouescale.fr\/?page_id=179"},"modified":"2025-08-03T16:09:08","modified_gmt":"2025-08-03T14:09:08","slug":"temoignages","status":"publish","type":"page","link":"https:\/\/plouescale.fr\/index.php\/temoignages\/","title":{"rendered":"T\u00e9moignages"},"content":{"rendered":"\n<p><strong>Ludivine, juillet 2025<\/strong><\/p>\n\n\n\n<p><em>\u00ab\u00a0Un grand merci pour ce moment de relaxation. Super accueil, Solen est une personne sympathique et professionnelle. Je recommande vivement Plou&rsquo;Escale.\u00a0\u00bb<\/em><\/p>\n\n\n\n<p><strong>Florence, janvier 2025<\/strong><\/p>\n\n\n\n<p><em>\u00ab\u00a0Un lieu rempli de belles \u00e9nergies o\u00f9 les diff\u00e9rents intervenants ont \u00e0 c\u0153ur d&rsquo;apporter du bien \u00eatre, de la joie, de la d\u00e9tente mais aussi de transmettre diff\u00e9rents \u00ab\u00a0outils\u00a0\u00bb pour un mieux vivre. Un endroit o\u00f9 l&rsquo;on se envoie en confiance pour se re\/d\u00e9couvrir, l\u00e2cher prise et ainsi repartir SEREIN, APAIS\u00c9, \u00c9COUT\u00c9, EN JOIE, D\u00c9TENDU&#8230;.<br>Je fais les s\u00e9ances de Yoga du rire et les ateliers d&rsquo;auto-massage, j&rsquo;ai aussi test\u00e9 la relaxation aux diapasons, l&rsquo;EFT et diff\u00e9rents massages.<br>Vous l&rsquo;aurez compris, je le recommande vivement \u2728\u2728\u2728\u00a0\u00bb<\/em><\/p>\n\n\n\n<p><strong>Anaig, janvier 2025<\/strong><\/p>\n\n\n\n<p><em>\u00ab\u00a0Un moment extraordinaire pass\u00e9 avec Solen, une belle personne, avec qui c&rsquo;est tr\u00e8s facile d&rsquo;\u00e9changer.<br>Je suis sortie de Plou&rsquo;escale, qui est un vrai petit cocon, compl\u00e8tement d\u00e9tendue.<br>Apr\u00e8s avoir eu la chance de d\u00e9couvrir avec Sonia la r\u00e9flexologie plantaire, qui a \u00e9t\u00e9 tr\u00e8s efficace chez moi, j&rsquo;ai d\u00e9couvert le massage cr\u00e2nien, magique, compl\u00e9t\u00e9 par un massage du corps entier.<br>Je recommande+++\u00a0\u00bb<\/em><\/p>\n\n\n\n<p><strong>Maryvonne, octobre 2024<\/strong><\/p>\n\n\n\n<p><em>\u00ab\u00a0En poussant la porte de Plou&rsquo;escale, le bien \u00eatre respire dans chaque espace d\u00e9di\u00e9 au l\u00e2cher prise tant sur les s\u00e9ances individuelles que collectives &#8230;<\/em><\/p>\n\n\n\n<p><em>Un vrai havre de bien \u00eatre avec des th\u00e9rapeutes \u00e0 l&rsquo;\u00e9coute et tr\u00e8s professionnels.<\/em><\/p>\n\n\n\n<p><em>Un lieu \u00e0 recommander sans mod\u00e9ration &#8230;<\/em>\u00ab\u00a0<\/p>\n\n\n\n<p><strong>Manon<\/strong>, <strong> septembre 2024<\/strong><\/p>\n\n\n\n<p><em>\u00ab\u00a0Le lieu est vraiment chaleureux et intimiste. Il propose \u00e0 la fois des espaces pour des prestations individuelles et pour des cours collectifs. Bravo d&rsquo;avoir pens\u00e9 \u00e0 faire des espaces suffisamment insonoris\u00e9s pour favoriser la confidentialit\u00e9. J&rsquo;esp\u00e8re que les gens vont se saisir de ce bel endroit, profiter du sauna et des prestations vari\u00e9es propos\u00e9es!&nbsp;<img loading=\"lazy\" decoding=\"async\" height=\"16\" width=\"16\" src=\"https:\/\/static.xx.fbcdn.net\/images\/emoji.php\/v9\/tfb\/1\/16\/263a.png\" alt=\"\u263a\ufe0f\"><\/em>\u00ab\u00a0<\/p>\n\n\n\n<p><strong>Jean-Pierre<\/strong>, <strong>septembre 2024<\/strong><\/p>\n\n\n\n<p><em>\u00ab\u00a0Une \u00e9quipe \u00e0 l&rsquo;\u00e9coute de nos besoins. Un espace bien am\u00e9nag\u00e9 et propice \u00e0 la d\u00e9tente. Des propositions vari\u00e9es et soucieuses du bien-\u00eatre de chacun, selon des approches diff\u00e9rentes mais compl\u00e9mentaires, avec le souci, \u00e9galement, de rendre la personne&nbsp;autonome en lui offrant les moyens de prendre soin d&rsquo;elle au quotidien. Merci \u00e0 vous pour cette initiative et au plaisir de se revoir dans le cadre des futurs \u00e9v\u00e8nements que vous organiserez.\u00a0\u00bb<\/em><\/p>\n\n\n\n<p><strong>Loic<\/strong>, <strong> septembre 2024<\/strong><\/p>\n\n\n\n<p><em>\u00ab\u00a0Bravo pour ce magnifique endroit. On s\u2019y sent comme dans un cocon. H\u00e2te de d\u00e9couvrir les diff\u00e9rentes activit\u00e9s et de rencontrer les professionnels pour se recentrer sur soi.\u00a0\u00bb<\/em><\/p>\n\n\n\n<p><strong>Laurence<\/strong>, <strong> septembre 2024<\/strong><\/p>\n\n\n\n<p><em>&nbsp;\u00ab\u00a0Tr\u00e8s beau projet que de rassembler! Un endroit coccooning, apaisant, relaxant\u00a0\u00bb<\/em><\/p>\n\n\n\n<p><strong>Catherine<\/strong>, <strong> septembre 2024<\/strong><\/p>\n\n\n\n<p><em>\u00ab\u00a0\u00c9quipe super sympathique. Un joli petit cocon cet endroit. Super ambiance\u00a0\u00bb<\/em><\/p>\n\n\n\n<p><strong><mark style=\"background-color:rgba(0, 0, 0, 0);color:#a130f6\" class=\"has-inline-color\">Journ\u00e9e bien-\u00eatre<\/mark><\/strong><\/p>\n\n\n\n<p><strong>Emmanuelle, mai 2025<\/strong><\/p>\n\n\n\n<p><em>\u00ab\u00a0Un apr\u00e8s-midi d\u00e9tente parfait \u00e0 Plou&rsquo;escale ! Entre le sauna, la s\u00e9ance de yoga et le soin \u00e9nerg\u00e9tique avec Sylvie, tout \u00e9tait r\u00e9uni pour se recentrer, se relaxer et l\u00e2cher prise. Une ambiance chaleureuse, bienveillante et apaisante du d\u00e9but \u00e0 la fin. Merci pour ce beau moment de ressourcement !<\/em>\u00ab\u00a0<\/p>\n\n\n\n<p><strong>Isabelle, mai 2025<\/strong><\/p>\n\n\n\n<p><em>\u00ab\u00a0Petite parenth\u00e8se tr\u00e8s agr\u00e9able dans un cadre accueillant. Les professionnels sont chaleureux, bienveillants, \u00e0 l&rsquo;\u00e9coute, aux petits soins dans tous les sens du terme.Tous les ingr\u00e9dients pour profiter d&rsquo;une apr\u00e8s midi d\u00e9tendue et ressour\u00e7ant.<br>Exp\u00e9rience \u00e0 r\u00e9it\u00e9rer avec grand plaisir<\/em>\u00ab\u00a0<\/p>\n\n\n\n<p><strong><mark style=\"background-color:rgba(0, 0, 0, 0);color:#a130f6\" class=\"has-inline-color\">Ateliers<\/mark><\/strong><\/p>\n\n\n\n<p><strong>Sylvie, janvier 2025<\/strong> <\/p>\n\n\n\n<p><em>\u00ab\u00a0Solen et Laurence ont anim\u00e9<br>L&rsquo;atelier \u00a0\u00bb Accueillir 2025 \u00ab\u00a0, \u00e0 Plou&rsquo;escale &#8230;<br>Un lieu agr\u00e9able, o\u00f9 on se sent imm\u00e9diatement tr\u00e8s bien.<br>J&rsquo;ai beaucoup aim\u00e9 cette s\u00e9ance, bien men\u00e9e par les praticiennes, en alternant chacune leur pratique. Tout ceci dans la bienveillance et douceur, et ainsi l\u00e2cher le superflus..Un grand moment de bien-\u00eatre<\/em>\u00ab\u00a0<\/p>\n\n\n\n<p><strong>Soizic, janvier 2025<\/strong><\/p>\n\n\n\n<p>\u00ab\u00a0<em>J\u2019ai particip\u00e9 \u00e0 l\u2019atelier accueillir 2025<br>Un super atelier, une belle d\u00e9couverte pour l\u2019hypnose et je connaissais d\u00e9j\u00e0 l\u2019EFT.<br>Un tr\u00e8s bon groupe et un super accueil chaleureux<br>Je recommande vraiment<\/em>\u00ab\u00a0<\/p>\n\n\n\n<p><strong>Sonia, janvier 2025<\/strong><\/p>\n\n\n\n<p><em>\u00ab\u00a0Tr\u00e8s beau lieu, cocooning comme on aime \ud83d\ude42 De nombreuses activit\u00e9s \u00e0 d\u00e9couvrir individuellement ou en groupe. Un bon accueil et une belle \u00e9nergie avec Solen. Je reviendrai avec plaisir.\u00a0\u00bb<\/em><\/p>\n\n\n\n<p><strong>Brad, janvier 2025<\/strong><\/p>\n\n\n\n<p><em>\u00ab\u00a0J&rsquo;ai ador\u00e9 d\u00e9couvrir Plou&rsquo;escale et quel accueil chaleureux de la part de Solen. J&rsquo;ai anim\u00e9 un atelier sur la respiration et la joie et je reviendrai avec plaisir. C&rsquo;est beau de voir que de plus en plus de gens investissent dans leur bien-\u00eatre et les espaces comme Plou&rsquo;escale nous aide \u00e0 y arriver ! Merci \ud83d\ude42\u00a0\u00bb<\/em><\/p>\n\n\n\n<p><strong>Romane, d\u00e9cembre 2024<\/strong><\/p>\n\n\n\n<p><em>\u00ab\u00a0Belles surprises lors de la journ\u00e9e d\u00e9couverte o\u00f9 nous avons rencontr\u00e9 Sonia, Sylvie et Marine \ud83d\ude0a merci pour cette belle parenth\u00e8se et l\u2019accueil chaleureux, \u00e0 bient\u00f4t \ud83d\ude0c\u00a0\u00bb<\/em><\/p>\n\n\n\n<p><strong><mark style=\"background-color:rgba(0, 0, 0, 0);color:#a641f2\" class=\"has-inline-color\">Formations<\/mark><\/strong><\/p>\n\n\n\n<p><strong>Charl\u00e8ne, juillet 2025<\/strong><\/p>\n\n\n\n<p><em>\u00ab\u00a0J\u2019ai eu la chance d\u2019effectuer la formation Ammas assis avec Solenn et ce fut une exp\u00e9rience magique et intense \u00e0 la fois. Merci \u00e0 toi pour ta bienveillance, ta douceur, ta patience et surtout pour la qualit\u00e9 du temps de formation. Je n\u2019ai plus qu\u2019\u00e0 pratiquer pour ancrer tout cela \ud83c\udf1f\ud83d\ude4f\ud83c\udffc Je te souhaite une belle continuation, \u00e0 tr\u00e8s bient\u00f4t pour me faire accompagner en individuel. Encore merci \ud83d\ude4f\ud83c\udffc<\/em>\u00ab\u00a0<\/p>\n\n\n\n<p><strong>B\u00e9atrice, avril 2025<\/strong><\/p>\n\n\n\n<p>\u00ab\u00a0<em>J&rsquo;ai particip\u00e9 \u00e0 la formation Amma Assis pendant deux jours avec 4 femmes et Solen qui nous a mis \u00e0 l&rsquo;aise d\u00e8s le d\u00e9but, dans la joie et la bonne humeur .<br>Un accueil chaleureux, une ambiance conviviale, pleine de partage et d&rsquo;attention.<br>Solen est une formatrice tr\u00e8s professionnelle, \u00e0 l&rsquo;\u00e9coute, qui nous apprend les bons gestes et postures \u00e0 adapter.<br>Les d\u00e9tails des positions des mains et explications du massage sont donn\u00e9s au fur et \u00e0 mesure des pratiques.<br>Un weekend o\u00f9 je suis revenu d\u00e9tendue, tu re\u00e7ois autant que tu donn\u00e9, de belles rencontres .<br>L&rsquo;endroit est id\u00e9al pour se former. Je recommande \u00e0 100%<br>Merci Solen pour ses beaux moments de partage<\/em>\u00ab\u00a0<\/p>\n\n\n\n<p><strong>Amandine, mars 2025<\/strong><\/p>\n\n\n\n<p>\u00ab\u00a0<em>Superbe formation \u00ab&nbsp;massage cr\u00e2nien&nbsp;\u00bb avec Solen ! Une formation compl\u00e8te, explicite propos\u00e9e par Solen qui instaure tout de suite avec simplicit\u00e9 une ambiance chaleureuse qui ouvre \u00e0 l\u2019\u00e9change pour un apprentissage dans la bonne humeur ! Un week end d\u2019o\u00f9 je suis revenue d\u00e9tendue (meilleure formation \u00e0 exp\u00e9rimenter tu re\u00e7ois autant que tu donnes de massages !!!!!) et en confiance pour proposer cette prestation tout bient\u00f4t \u00e0 mes clientes! Merci beaucoup Solen !<\/em>\u00ab\u00a0<\/p>\n\n\n\n<p><strong>St\u00e9phanie, mars 2025<\/strong><\/p>\n\n\n\n<p>\u00ab\u00a0<em>Je viens de terminer la formation massage cr\u00e2nien de Solen.<br>C&rsquo;\u00e9tait un super weekend d&rsquo;apprentissage dans la bonne humeur avec des moments cocooning, des partages de pratique bien plus qu&rsquo;une simple formation.<br>L&rsquo;endroit est id\u00e9al pour se former et Solen est rest\u00e9e elle m\u00eame jusqu&rsquo;au bout dans le partage, les rires, la bonne humeur et la douceur.\u00a0\u00bb<br><br>Je recommande sa formation les yeux ferm\u00e9s<\/em><\/p>\n\n\n\n<p><strong>Anneli, mars 2025<\/strong><\/p>\n\n\n\n<p>\u00ab\u00a0<em>J&rsquo;ai suivi une formation de \u00ab\u00a0massage cr\u00e2nien \u00a0\u00bb donn\u00e9e par Solen ce week-end et je suis plus que contente. Dans un groupe de 4 femmes, Solen nous a fait adapter les bons gestes et la bonne attitude de massage cr\u00e2nien. Solen est une formatrice qui fait passer ses connaissances avec professionnalisme, bienveillance et humour. Les instructions sont donn\u00e9es petit \u00e0 petit et il y a du temps pour des \u00e9changes et du partage dans le groupe. Je recommande absolument de choisir Solen comme formatrice en massage cr\u00e2nien !<\/em><\/p>\n\n\n\n<p><strong>Val\u00e9rie, mars 2025<\/strong><\/p>\n\n\n\n<p><em>\u00ab\u00a0Formatrice Solen Lozach super, sait transmettre son savoir avec clart\u00e9, gentillesse, humour. Week-end super, bon accueil, bon partage, th\u00e9orie et pratique. Je conseille pour les formations et les soins Solen. C\u2019\u00e9tait formateur. Je recommande.\u00a0\u00bb<\/em><\/p>\n\n\n\n<p><strong>Gilles, mars 2025<\/strong><\/p>\n\n\n\n<p>\u00ab\u00a0<em>Une journ\u00e9e de formation La Ho Chi, anim\u00e9e par Sylvie Bauer, dans ce lieu de s\u00e9r\u00e9nit\u00e9 et de ressourcement.<br>Une belle journ\u00e9e emprunte de bienveillance, d&rsquo;\u00e9coute, de partages, et de la personnalit\u00e9 et du professionnalisme de Sylvie.<br>Merci infiniment \ud83d\ude4f\ud83c\udffb<\/em>\u00ab\u00a0<\/p>\n\n\n\n<p><strong>Sylvie, novembre 2024<\/strong><\/p>\n\n\n\n<p><em>\u00ab\u00a0Beau moment de partage o\u00f9 nous avons cr\u00e9\u00e9 des liens lors de la formation de massage Shiatsu. Nous avons appris des techniques utiles dans la joie et la bonne humeur gr\u00e2ce \u00e0 Solen. . C\u2019\u00e9tait formateur. Je recommande.\u00a0\u00bb<\/em><\/p>\n\n\n\n<p><strong><mark style=\"background-color:rgba(0, 0, 0, 0);color:#a424f8\" class=\"has-inline-color\">Yoga<\/mark><\/strong><\/p>\n\n\n\n<p><strong>Anneli, janvier 2025<\/strong><\/p>\n\n\n\n<p><em>\u00ab\u00a0Je vais au cours de kundalini yoga les mardis \u00e0 10h avec Thomas. C&rsquo;est un s\u00e9ance yoga assez doux. On pratique des postures, respirations et des mantras. Les cours de Thomas correspondent au yoga que j&rsquo;ai d\u00e9j\u00e0 connu avant; c&rsquo;est bienveillant, chacun avec ses capacit\u00e9s et ses envies. Pour ceux et celles qui cherchent \u00e0 commencer son mardi en douceur pour ensuite red\u00e9marrer avec plein d&rsquo;\u00e9nergie, ce cours est pour vous!\u00a0\u00bb<\/em><\/p>\n\n\n\n<p><strong><mark style=\"background-color:rgba(0, 0, 0, 0);color:#a53bf6\" class=\"has-inline-color\">Massage<strong><mark style=\"background-color:rgba(0, 0, 0, 0);color:#a53bf6\" class=\"has-inline-color\">s<\/mark><\/strong><\/mark><\/strong><\/p>\n\n\n\n<p><strong>Aurore, juillet 2025<\/strong><\/p>\n\n\n\n<p>\u00ab\u00a0<em>Tr\u00e8s bon massage, j&rsquo;\u00e9tais bien d\u00e9tendu en sortant . Solen est tr\u00e8s professionnelle .<br>Je recommande fortement de tester.<\/em>\u00ab\u00a0<\/p>\n\n\n\n<p><strong>St\u00e9phanie, juillet 2025<\/strong><\/p>\n\n\n\n<p>\u00ab\u00a0<em>Merci \u00e0 Solen pour sa douceur, son \u00e9coute et sa bienveillance. Ses soins m&rsquo;ont aid\u00e9e \u00e0 un mieux-\u00eatre physique et \u00e9motionnel. \ud83d\ude4f\ud83d\ude00<\/em>\u00ab\u00a0<\/p>\n\n\n\n<p><strong>Ga\u00eblle, mai 2025<\/strong><\/p>\n\n\n\n<p><em>\u00ab\u00a0J&rsquo;ai v\u00e9cu le pack de 3 massages du ventre d&rsquo;1h avec Solen Lozach, \u00e0 Ploues&rsquo;cale, la maison de bien-\u00eatre qu&rsquo;elle a ouvert \u00e0 Plouescat. Comme d&rsquo;habitude, douceur, intuition et lib\u00e9ration \u00e9motionnelle \u00e9taient au rdv. Un moment de douceur rien que pour moi, un vrai d\u00e9lice. \ud83d\ude4f<\/em>\u00ab\u00a0<\/p>\n\n\n\n<p><strong>Dyclan, mai 2025<\/strong><\/p>\n\n\n\n<p>\u00ab\u00a0<em>Marine et Sonia ont su s&rsquo;adapter \u00e0 notre demande pour faire un duo de prestations entre massage et r\u00e9flexologie. Franchement tip top. Je vous remercie.<\/em>\u00ab\u00a0<\/p>\n\n\n\n<p><strong>Bastien, mai 2025<\/strong><\/p>\n\n\n\n<p><em>\u00ab\u00a0Super massage duo r\u00e9alis\u00e9 aujourd&rsquo;hui avec ma compagne. Merveilleux moment de relaxation tant pour le corps que pour l&rsquo;esprit. Merci beaucoup \u00e0 Solen et Marine pour le massage. Je recommande \u00e0 100%.<\/em>\u00ab\u00a0<\/p>\n\n\n\n<p><strong>Laurence, avril 2025<\/strong><\/p>\n\n\n\n<p><em>\u00ab\u00a0J\u2019ai pass\u00e9 un moment tr\u00e8s agr\u00e9able avec Solen, qui m\u2019a propos\u00e9 un massage tr\u00e8s complet et ressour\u00e7ant. Un d\u00e9licieux moment de d\u00e9tente \u00e0 renouveler !<\/em>\u00ab\u00a0<\/p>\n\n\n\n<p><strong>Blandine, mars 2025<\/strong><\/p>\n\n\n\n<p><em>\u00ab\u00a0Moment de d\u00e9tente parfait avec Solenn et Marine lors d\u2019un massage duo.<br>Encore merci \u00e0 toutes les deux pour ce moment hors du temps.<br>Nous reviendrons !<\/em>\u00ab\u00a0<\/p>\n\n\n\n<p><strong>Sabine, f\u00e9vrier 2025<\/strong><\/p>\n\n\n\n<p><em>\u00ab\u00a0Merci aux amis qui ont pens\u00e9 \u00e0 me faire un bon cadeau \u00e0 Plou&rsquo;escale. J&rsquo;ai d&rsquo;abord h\u00e9sit\u00e9 \u00e0 d\u00e9placer mon RDV, car une migraine empoisonnait mon quotidien depuis 4 jours. Le soin du corps et de mon esprit r\u00e9alis\u00e9 par le <strong>massage<\/strong> de Solen a \u00e9t\u00e9 magique et lib\u00e9rateur. La d\u00e9tente \u00e9tait telle, que j&rsquo;ai eu un sentiment de l\u00e9vitation \u2026 c&rsquo;est un endroit que je vous invite \u00e0 d\u00e9couvrir et aussi, je vous invite \u00e0 penser l&rsquo;apr\u00e8s RDV pour prolonger votre \u00e9tat de bien \u00eatre. Solen ne fait qu&rsquo;ouvrir la porte\u2026\u00a0\u00bb<\/em><\/p>\n\n\n\n<p><strong>C\u00e9line, f\u00e9vrier 2025<\/strong><\/p>\n\n\n\n<p>\u00ab\u00a0<em>Tr\u00e8s belle decouverte du massage Amma assis r\u00e9alis\u00e9 par Solen Lozach ! Une technique qui permet de d\u00e9tendre le corps et l&rsquo;esprit dans un espace de bien \u00eatre bien pens\u00e9. Allez y les yeux ferm\u00e9s ! <\/em>\u00ab\u00a0\ud83d\ude0a<\/p>\n\n\n\n<p><strong>Sabrina, f\u00e9vrier 2025<\/strong><\/p>\n\n\n\n<p>\u00ab\u00a0<em>J&rsquo;ai eu l&rsquo;opportunit\u00e9 de faire un massage d&rsquo;1h avec Solen. Super accueil, tr\u00e8s chaleureux. Le massage \u00e9tait tr\u00e8s agr\u00e9able, je suis ressortie toute d\u00e9tendue. J&rsquo;ai pu \u00e9changer ensuite avec Solen, une belle rencontre. Une chose est s\u00fbre, je reviendrai. Merci<\/em>\u00ab\u00a0<\/p>\n\n\n\n<p><strong>Anais, f\u00e9vrier 2025<\/strong><\/p>\n\n\n\n<p><em>\u00ab\u00a0Un moment juste incroyable entre les mains de Solen. Un temps d&rsquo;\u00e9change, de l&rsquo;\u00e9coute et beaucoup de d\u00e9tente dans une ambiance propice au l\u00e2cher prise. Je recommande chaleureusement !<\/em>\u00ab\u00a0<\/p>\n\n\n\n<p><strong>Jade, janvier 2025<\/strong><\/p>\n\n\n\n<p><em>\u00ab\u00a0J&rsquo;ai eu l&rsquo;occasion de vivre le massage en duo avec mon compagnon et c&rsquo;\u00e9tait un vrai moment de d\u00e9tente. Dans un espace cocooning, nous avons \u00e9t\u00e9 merveilleusement bien mass\u00e9s par Solen et Marine qui ont su prendre bien soin de nous. Nous sommes ressortis sur une autre plan\u00e8te et tr\u00e8s d\u00e9tendus \ud83d\ude42<br>Plou&rsquo;escale est un lieu tr\u00e8s chouette, avec des jolies pi\u00e8ces pour les diff\u00e9rents soins et ateliers. Le programme a l&rsquo;air top, \u00e7a donne envie de tout faire!!<br>Merci beaucoup Solen et Marine\u00a0\u00bb<\/em><\/p>\n\n\n\n<p><strong>Dominique, d\u00e9cembre 2024<\/strong><\/p>\n\n\n\n<p><em>\u00ab\u00a0Un moment d\u00e9licieux dans cet espace tr\u00e8s chaleureux. Merci Solen pour ce massage d\u00e9tente. J&rsquo;en baille encore ! A tr\u00e8s bient\u00f4t pour d\u00e9couvrir des nouvelles approches pour mon bien \u00eatre.<\/em>\u00ab\u00a0<\/p>\n\n\n\n<p><strong>Christelle, d\u00e9cembre 2024<\/strong><\/p>\n\n\n\n<p><em>\u00ab\u00a0Bonjour nous avons partag\u00e9 un excellent moment massage m\u00e8re fille avec Marine et Solen. Il faut le faire le moment de complicit\u00e9 avec ma fille de 12 ans elle a ador\u00e9 et moi encore plus merci beaucoup.<\/em>\u00ab\u00a0<\/p>\n\n\n\n<p><strong>Caroline, novembre 2024<\/strong><\/p>\n\n\n\n<p><em>\u00ab\u00a0Tr\u00e8s agr\u00e9able moment pass\u00e9 \u00e0 Plou\u2019escale, lieu tr\u00e8s chaleureux et adorable accueil de Solen et toute l\u2019\u00e9quipe. Le massage avec Solen est divin, on ressent des vagues de d\u00e9tente pendant le massage et un bien \u00eatre qui perdure bien apr\u00e8s le massage ! Je reviendrai et je recommande. Merci Solen \ud83d\ude4f\u00a0\u00bb<\/em><\/p>\n\n\n\n<p><strong>St\u00e9phanie, novembre 2024<\/strong><\/p>\n\n\n\n<p><em>\u00ab\u00a0J\u2019ai eu la chance de recevoir un massage de la part de Solen, et je peux dire sans h\u00e9sitation que c\u2019\u00e9tait le meilleur massage de toute ma vie !<br>Son massage m&rsquo;a envelopp\u00e9 d&rsquo;un niveau de douceur incroyable. Je me suis sentie totalement apais\u00e9e, et d\u00e9connect\u00e9e du temps. Merci infiniment pour ce moment inoubliable, Solen.<br>Je recommande les yeux ferm\u00e9s !\u00a0\u00bb<\/em><\/p>\n\n\n\n<p><strong>Anne, novembre 2024<\/strong><\/p>\n\n\n\n<p><em>\u00ab\u00a0J&rsquo;ai r\u00e9cemment eu le plaisir de me rendre \u00e0 Plou\u2019escale pour une s\u00e9ance de sauna suivie d&rsquo;un massage shiatsu assis avec Solen. Le sauna m&rsquo;a permis de me d\u00e9tendre profond\u00e9ment, et le massage shiatsu assis a compl\u00e8tement rel\u00e2ch\u00e9 mes tensions. Je suis sortie de l\u00e0 totalement d\u00e9tendue et revitalis\u00e9e.<br>Merci Solen pour cet excellent moment !\u00a0\u00bb<\/em><\/p>\n\n\n\n<p><strong>Chlo\u00e9<\/strong>, <strong>octobre 2024<\/strong><\/p>\n\n\n\n<p><em>\u00ab\u00a0Tr\u00e8s bon moment dans ce nouveau centre chaleureux ! J\u2019y suis all\u00e9e pour un massage d\u2019une heure, Solen est accueillante et bienveillante !<br>Moment d\u00e9tente parfait, je recommande \u00e0 100% !\u00a0\u00bb<\/em><\/p>\n\n\n\n<p><strong>Maryvonne<\/strong>, <strong>octobre 2024<\/strong><\/p>\n\n\n\n<p><em>\u00ab\u00a0Un massage Cocooning avec Solen dans ce lieu o\u00f9 l on respire le bien \u00eatre. Un plaisir \u00e0 chaque fois o\u00f9 l&rsquo;on est re\u00e7u avec bienveillance, \u00e9coute et respect. Merci pour ce moment.<br>D\u00e9couverte \u00e9galement du yoga du rire avec Lauriane&#8230; un vrai bonheur de positivit\u00e9 pour soi et avec les autres. Un bien \u00eatre que notre corps et nos pens\u00e9es redemandent sans mod\u00e9ration \ud83e\udd70\ud83e\udd23\ud83e\udd70<\/em>\u00ab\u00a0<\/p>\n\n\n\n<p><strong>Julie, octobre 2024<\/strong><\/p>\n\n\n\n<p>\u00ab\u00a0<em>Massage du dos r\u00e9alis\u00e9 par Solen dans un endroit cocooning et avec une musique douce. Un superbe moment pour soi qui redonne de l&rsquo;\u00e9nergie. A refaire sans h\u00e9sitation !<br>Au plaisir de revenir !<\/em>\u00ab\u00a0<\/p>\n\n\n\n<p><strong>H\u00e9l\u00e8ne<\/strong>,<strong> septembre 2024<\/strong><\/p>\n\n\n\n<p>\u00ab\u00a0<em>Un vent de douceur qui fait chaud au c\u0153ur&#8230;\ud83d\udc9c Merci Solen pour ce moment inoubliable aujourd&rsquo;hui \ud83e\udd17. Un temps pour moi dans le magnifique sauna suivi d&rsquo;un massage d&rsquo;une heure allong\u00e9e dans une pi\u00e8ce chauff\u00e9e avec de la musique apaisante\ud83d\udc86<br>Le corps l\u00e9ger, la t\u00eate all\u00e9g\u00e9e..Tu m&rsquo;as reboost\u00e9 pour un bon moment , j&rsquo;en avais besoin. Toujours tr\u00e8s \u00e0 l&rsquo;\u00e9coute avec cette pr\u00e9sence naturelle qui rassure et un savoir-faire incroyable gr\u00e2ce \u00e0 ta volont\u00e9 d&rsquo;apprendre et de transmettre\ud83e\udd8b<br>Je recommande cet encha\u00eenement de s\u00e9ances de bien-\u00eatre dans ce nouveau centre o\u00f9 la d\u00e9connexion du quotidien est imm\u00e9diate.<br>Un temps pour soi, un temps magique \u00e0 Plou&rsquo; Escale ! \ud83c\udf3a<br>Plein de belles choses \u00e0 toute l&rsquo;\u00e9quipe \ud83c\udf3c<\/em>\u00a0\u00bb                      <\/p>\n\n\n\n<p><strong>Karine<\/strong>, <strong> septembre 2024<\/strong><\/p>\n\n\n\n<p><em>\u00ab\u00a0Un superbe lieu o\u00f9 tout est fait pour la d\u00e9tente, un endroit \u00e0 d\u00e9couvrir et \u00e0 adopter.<br>Merci \u00e0 Solen pour son professionnalisme, ses doigts de f\u00e9e..il me reste plus qu&rsquo;\u00e0 d\u00e9couvrir les autres ateliers. Bonne continuation \u00e0 toute l&rsquo;\u00e9quipe<\/em>\u00ab\u00a0<\/p>\n\n\n\n<p><strong><mark style=\"background-color:rgba(0, 0, 0, 0);color:#a049f8\" class=\"has-inline-color\">Accompagnement en EFT <\/mark><\/strong><\/p>\n\n\n\n<p><strong>Cyrille, juin 2025<\/strong><\/p>\n\n\n\n<p><em>\u00ab\u00a0Sur conseil d&rsquo;une coll\u00e8gue de travail, j&rsquo;ai rencontr\u00e9 Solen pour m&rsquo;aider \u00e0 ext\u00e9rioriser quelques traumas. Un peu septique au d\u00e9but, j&rsquo;ai vite \u00e9tait convaincue par les talents de Solen et cela m&rsquo;a permis d&rsquo;\u00eatre accompagn\u00e9e dans ma gu\u00e9rison. Tu es d&rsquo;une grande douceur.<br>Merci encore !\u00a0\u00bb<\/em><\/p>\n\n\n\n<p><strong>Maryvonne, mars 2025<\/strong><\/p>\n\n\n\n<p><em>\u00ab\u00a0Tr\u00e8s ravie des s\u00e9ances pass\u00e9es avec Solen tr\u00e8s gentille \u00e0 l&rsquo;\u00e9coute je vous la conseille fortement\u00a0\u00bb<\/em><\/p>\n\n\n\n<p><strong><mark style=\"background-color:rgba(0, 0, 0, 0);color:#a049f8\" class=\"has-inline-color\">Kin\u00e9siologie<\/mark><\/strong><\/p>\n\n\n\n<p><strong>Maud, novembre 2024<\/strong><\/p>\n\n\n\n<p><em>\u00ab\u00a0Nouveau centre accueillant et chaleureux. Bravo \u00e0 Solen . J&rsquo;ai vu madame Laroche pour un soin en kinesiologie. Personne tr\u00e8s gentille, \u00e0 l&rsquo;\u00e9coute et bienveillante. Merci!!! Je recommande.\u00a0\u00bb<\/em><\/p>\n\n\n\n<p><strong><mark style=\"background-color:rgba(0, 0, 0, 0);color:#bb34eb\" class=\"has-inline-color\">Soins \u00e9nerg\u00e9tiques<\/mark><\/strong><\/p>\n\n\n\n<p><strong>B\u00e9n\u00e9dicte, octobre 2024<\/strong><\/p>\n\n\n\n<p><em>\u00ab\u00a0J&rsquo;ai eu le plaisir de b\u00e9n\u00e9ficier d&rsquo;une s\u00e9ance de Reiki avec Marine, que je remercie pour son professionnalisme, sa douceur et nos \u00e9changes. Tout ceci dans un cadre chaleureux, confortable et apaisant. Je reviendrai avec plaisir.\u00a0\u00bb<\/em><\/p>\n\n\n\n<p><strong>Nathalie<\/strong>, <strong>octobre 2024<\/strong><\/p>\n\n\n\n<p><em>\u00ab\u00a0Merci \u00e0 Sylvie pour le soin LaHoChi. C&rsquo;\u00e9tait un agr\u00e9able moment et une tr\u00e8s belle exp\u00e9rience. Merci \u00e9galement \u00e0 Solen pour avoir cr\u00e9\u00e9 ce lieu empli de chaleur et de bienveillance. N&rsquo;h\u00e9sitez \u00e0 venir pour vous ressourcer et vous faire chouchouter. Bonne continuation \u00e0 toute l&rsquo;\u00e9quipe<\/em>\u00ab\u00a0<\/p>\n\n\n\n<p><\/p>\n","protected":false},"excerpt":{"rendered":"<p>Ludivine, juillet 2025 \u00ab\u00a0Un grand merci pour ce moment de relaxation. Super accueil, Solen est une personne sympathique et professionnelle. Je recommande vivement Plou&rsquo;Escale.\u00a0\u00bb Florence, janvier 2025 \u00ab\u00a0Un lieu rempli de belles \u00e9nergies o\u00f9 les diff\u00e9rents intervenants ont \u00e0 c\u0153ur d&rsquo;apporter du bien \u00eatre, de la joie, de la d\u00e9tente mais aussi de transmettre diff\u00e9rents &hellip; <\/p>\n<p class=\"link-more\"><a href=\"https:\/\/plouescale.fr\/index.php\/temoignages\/\" class=\"more-link\">Lire la suite de<span class=\"screen-reader-text\">\u00ab\u00a0T\u00e9moignages\u00a0\u00bb<\/span><\/a><\/p>\n","protected":false},"author":1,"featured_media":0,"parent":0,"menu_order":0,"comment_status":"closed","ping_status":"closed","template":"","meta":{"footnotes":""},"class_list":["post-179","page","type-page","status-publish","hentry"],"_links":{"self":[{"href":"https:\/\/plouescale.fr\/index.php\/wp-json\/wp\/v2\/pages\/179","targetHints":{"allow":["GET"]}}],"collection":[{"href":"https:\/\/plouescale.fr\/index.php\/wp-json\/wp\/v2\/pages"}],"about":[{"href":"https:\/\/plouescale.fr\/index.php\/wp-json\/wp\/v2\/types\/page"}],"author":[{"embeddable":true,"href":"https:\/\/plouescale.fr\/index.php\/wp-json\/wp\/v2\/users\/1"}],"replies":[{"embeddable":true,"href":"https:\/\/plouescale.fr\/index.php\/wp-json\/wp\/v2\/comments?post=179"}],"version-history":[{"count":33,"href":"https:\/\/plouescale.fr\/index.php\/wp-json\/wp\/v2\/pages\/179\/revisions"}],"predecessor-version":[{"id":923,"href":"https:\/\/plouescale.fr\/index.php\/wp-json\/wp\/v2\/pages\/179\/revisions\/923"}],"wp:attachment":[{"href":"https:\/\/plouescale.fr\/index.php\/wp-json\/wp\/v2\/media?parent=179"}],"curies":[{"name":"wp","href":"https:\/\/api.w.org\/{rel}","templated":true}]}}