{"id":263,"date":"2024-10-13T19:47:22","date_gmt":"2024-10-13T17:47:22","guid":{"rendered":"https:\/\/plouescale.fr\/?page_id=263"},"modified":"2024-11-11T22:51:22","modified_gmt":"2024-11-11T21:51:22","slug":"eft","status":"publish","type":"page","link":"https:\/\/plouescale.fr\/index.php\/eft\/","title":{"rendered":"EFT (Emotional Freedom Techniques)"},"content":{"rendered":"\n<p>L&rsquo;EFT est une technique psycho-corporelle de lib\u00e9ration des \u00e9motions, propos\u00e9e par Solen Lozach d&rsquo;<mark style=\"background-color:rgba(0, 0, 0, 0)\" class=\"has-inline-color has-secondary-color\"><strong><a href=\"https:\/\/eft-massage.fr\/\">EFT et massages bien-\u00eatre<\/a><\/strong>.<\/mark><\/p>\n\n\n\n<p><strong><mark style=\"background-color:rgba(0, 0, 0, 0);color:#694b95\" class=\"has-inline-color\">Pour qui ?<\/mark><\/strong><\/p>\n\n\n\n<p>Pour tous !<\/p>\n\n\n\n<p>Les enfants l\u2019adorent aussi car elle les aide \u00e0 g\u00e9rer de nombreux petits maux au quotidien, peurs ou phobies.<\/p>\n\n\n\n<p><strong><mark style=\"background-color:rgba(0, 0, 0, 0);color:#694b95\" class=\"has-inline-color\">Dans quel cas le pratiquer ?&nbsp;<\/mark><\/strong><\/p>\n\n\n\n<p>L\u2019EFT est efficace pour traiter : phobie, stress, douleur physique, d\u00e9pendance, col\u00e8re, manque de confiance en soi, culpabilit\u00e9, insomnie\u2026 l\u2019EFT est tr\u00e8s efficace pour lib\u00e9rer les \u00e9motions ainsi que les croyances n\u00e9gatives.<\/p>\n\n\n\n<p><strong><mark style=\"background-color:rgba(0, 0, 0, 0);color:#694b95\" class=\"has-inline-color\">Comment se d\u00e9roule une s\u00e9ance ?<\/mark><\/strong><\/p>\n\n\n\n<p>ll s\u2019agit de faire des s\u00e9ries de tapotements (ou tapping) sur certains points sp\u00e9cifiques situ\u00e9s le long des m\u00e9ridiens tout en portant son attention sur des situations v\u00e9cues dans le pass\u00e9, sur des \u00e9motions cristallis\u00e9es ou sur des douleurs physiques, afin de les lib\u00e9rer. Des situations remontant jusqu\u2019\u00e0 l\u2019enfance \u2013 qui pourraient nous para\u00eetre b\u00e9nignes \u2013 peuvent \u00eatre la source de probl\u00e9matiques de notre vie actuelle.<\/p>\n\n\n\n<p>Apr\u00e8s la s\u00e9ance, je vous envoie par mail un protocole de \u00ab&nbsp;tapping&nbsp;\u00bb, reprenant la s\u00e9ance. Vous pourrez le pratiquer chez vous en toute autonomie.&nbsp;<\/p>\n\n\n\n<p>Retrouvez les t\u00e9moignages<strong>&nbsp;<a href=\"https:\/\/eft-massage.fr\/temoignages-eft\/\">ici<\/a><\/strong><\/p>\n\n\n\n<p><strong><mark style=\"background-color:rgba(0, 0, 0, 0);color:#694b95\" class=\"has-inline-color\">Dur\u00e9e d\u2019une s\u00e9ance :<\/mark><\/strong><\/p>\n\n\n\n<p><strong>1h30 \u2013 90 euros<\/strong> (30 euros suppl\u00e9mentaires pour la transmission par mail d\u2019un protocole personnalis\u00e9)<\/p>\n\n\n\n<p><strong>1h pour les enfants \u2013 70 euros<\/strong><\/p>\n\n\n\n<p>Plusieurs s\u00e9ances sont parfois n\u00e9cessaires pour d\u00e9nouer certaines probl\u00e9matiques. Le but de cette m\u00e9thode est d\u2019\u00eatre autonome et de pouvoir l\u2019utiliser en toutes circonstances au quotidien.&nbsp;<\/p>\n\n\n\n<p>Vous pouvez aussi opter pour&nbsp;<strong><a href=\"https:\/\/eft-massage.fr\/accompagnement-2\/\">un accompagnement sur 5 s\u00e9ances<\/a>&nbsp;<\/strong>vous permettant d\u2019allier l\u2019EFT et les massages dont&nbsp;<strong><a href=\"https:\/\/eft-massage.fr\/massage-du-ventre-chi-nei-tsang\/\">le massage tao\u00efste du ventre<\/a>,<\/strong>&nbsp;reli\u00e9 directement aux \u00e9motions. Le tarif sera alors de <strong>80 euros la s\u00e9ance d\u20191h30<\/strong> avec un suivi en dehors de s\u00e9ances par mail et SMS.<\/p>\n\n\n\n<p><strong><mark style=\"background-color:rgba(0, 0, 0, 0);color:#694b95\" class=\"has-inline-color\">Informations importantes<\/mark><\/strong><\/p>\n\n\n\n<p>L\u2019EFT n\u2019a pas pour objectif de diagnostiquer ou de traiter des maladies physiques ou mentales quelles qu\u2019elles soient. L\u2019EFT ne peut en aucun cas se substituer \u00e0 des soins m\u00e9dicaux ou psychiatriques. Il n\u2019est pas pr\u00e9conis\u00e9 d\u2019interrompre la prise de m\u00e9dicaments prescrits par votre m\u00e9decin ou des soins m\u00e9dicaux ou psychologiques.<\/p>\n\n\n\n<p>Vous serez acteur de votre r\u00e9ussite en \u00e9tant acteur lors de la s\u00e9ance et en pratiquant chez vous en autonomie.<\/p>\n\n\n\n<p>Pour plus d&rsquo;information, consulter<strong><a href=\"https:\/\/eft-massage.fr\/eft\/\"> <\/a><\/strong><mark style=\"background-color:rgba(0, 0, 0, 0);color:#f6ae35\" class=\"has-inline-color\"><strong><a href=\"https:\/\/eft-massage.fr\/eft\/\">son site internet<\/a><\/strong> <\/mark>ou contactez la directement <\/p>\n\n\n\n<p>06-61-16-54-44 ou solen@eft-massage.fr<\/p>\n\n\n\n<div class=\"wp-block-buttons is-content-justification-center is-layout-flex wp-container-core-buttons-is-layout-a89b3969 wp-block-buttons-is-layout-flex\">\n<div class=\"wp-block-button\"><a class=\"wp-block-button__link wp-element-button\" href=\"https:\/\/meet.brevo.com\/solen-lozach\/seance-deft\"><mark style=\"background-color:rgba(0, 0, 0, 0);color:#f6ae35\" class=\"has-inline-color\">Prenez rdv<\/mark><\/a><\/div>\n<\/div>\n\n\n\n<p><\/p>\n","protected":false},"excerpt":{"rendered":"<p>L&rsquo;EFT est une technique psycho-corporelle de lib\u00e9ration des \u00e9motions, propos\u00e9e par Solen Lozach d&rsquo;EFT et massages bien-\u00eatre. Pour qui ? Pour tous ! Les enfants l\u2019adorent aussi car elle les aide \u00e0 g\u00e9rer de nombreux petits maux au quotidien, peurs ou phobies. Dans quel cas le pratiquer ?&nbsp; L\u2019EFT est efficace pour traiter : phobie, &hellip; <\/p>\n<p class=\"link-more\"><a href=\"https:\/\/plouescale.fr\/index.php\/eft\/\" class=\"more-link\">Lire la suite de<span class=\"screen-reader-text\">\u00ab\u00a0EFT (Emotional Freedom Techniques)\u00a0\u00bb<\/span><\/a><\/p>\n","protected":false},"author":1,"featured_media":0,"parent":0,"menu_order":0,"comment_status":"closed","ping_status":"closed","template":"","meta":{"footnotes":""},"class_list":["post-263","page","type-page","status-publish","hentry"],"_links":{"self":[{"href":"https:\/\/plouescale.fr\/index.php\/wp-json\/wp\/v2\/pages\/263","targetHints":{"allow":["GET"]}}],"collection":[{"href":"https:\/\/plouescale.fr\/index.php\/wp-json\/wp\/v2\/pages"}],"about":[{"href":"https:\/\/plouescale.fr\/index.php\/wp-json\/wp\/v2\/types\/page"}],"author":[{"embeddable":true,"href":"https:\/\/plouescale.fr\/index.php\/wp-json\/wp\/v2\/users\/1"}],"replies":[{"embeddable":true,"href":"https:\/\/plouescale.fr\/index.php\/wp-json\/wp\/v2\/comments?post=263"}],"version-history":[{"count":7,"href":"https:\/\/plouescale.fr\/index.php\/wp-json\/wp\/v2\/pages\/263\/revisions"}],"predecessor-version":[{"id":391,"href":"https:\/\/plouescale.fr\/index.php\/wp-json\/wp\/v2\/pages\/263\/revisions\/391"}],"wp:attachment":[{"href":"https:\/\/plouescale.fr\/index.php\/wp-json\/wp\/v2\/media?parent=263"}],"curies":[{"name":"wp","href":"https:\/\/api.w.org\/{rel}","templated":true}]}}