{"id":563,"date":"2025-01-27T21:46:41","date_gmt":"2025-01-27T20:46:41","guid":{"rendered":"https:\/\/plouescale.fr\/?page_id=563"},"modified":"2025-01-27T21:52:26","modified_gmt":"2025-01-27T20:52:26","slug":"soin-sonore-avec-les-diapasons","status":"publish","type":"page","link":"https:\/\/plouescale.fr\/index.php\/soin-sonore-avec-les-diapasons\/","title":{"rendered":"Soin sonore avec les diapasons"},"content":{"rendered":"\n<figure class=\"wp-block-image size-full\"><img loading=\"lazy\" decoding=\"async\" width=\"940\" height=\"788\" src=\"https:\/\/plouescale.fr\/wp-content\/uploads\/2025\/01\/Copie-de-ATELIERS-dautomassages-14-1.jpg\" alt=\"\" class=\"wp-image-564\" srcset=\"https:\/\/plouescale.fr\/wp-content\/uploads\/2025\/01\/Copie-de-ATELIERS-dautomassages-14-1.jpg 940w, https:\/\/plouescale.fr\/wp-content\/uploads\/2025\/01\/Copie-de-ATELIERS-dautomassages-14-1-300x251.jpg 300w\" sizes=\"auto, (max-width: 940px) 100vw, 940px\" \/><\/figure>\n\n\n\n<p>Chaque lundi apr\u00e8s-midi, Amandine vous invite \u00e0 d\u00e9couvrir \ud835\udc25\ud835\udc1e\ud835\udc2c \ud835\udc1b\ud835\udc22\ud835\udc1e\ud835\udc27\ud835\udc1f\ud835\udc1a\ud835\udc22\ud835\udc2d\ud835\udc2c \ud835\udc1d\ud835\udc1e \ud835\udc25\ud835\udc1a \ud835\udc2d\ud835\udc21<strong>\u00e9<\/strong>\ud835\udc2b\ud835\udc1a\ud835\udc29\ud835\udc22\ud835\udc1e \ud835\udc29\ud835\udc1a\ud835\udc2b \ud835\udc25\ud835\udc1e \ud835\udc2c\ud835\udc28\ud835\udc27 \ud835\udc1e\ud835\udc2d \ud835\udc25\ud835\udc1e\ud835\udc2c \ud835\udc2f\ud835\udc22\ud835\udc1b\ud835\udc2b\ud835\udc1a\ud835\udc2d\ud835\udc22\ud835\udc28\ud835\udc27\ud835\udc2c.<\/p>\n\n\n\n<p>Gr\u00e2ce aux diapasons, des fr\u00e9quences sp\u00e9cifiques sont utilis\u00e9es pour \ud835\udc2b<strong>\u00e9\u00e9\ud835\udc2a<\/strong>\ud835\udc2e\ud835\udc22\ud835\udc25\ud835\udc22\ud835\udc1b\ud835\udc2b\ud835\udc1e\ud835\udc2b \ud835\udc25&rsquo;<strong>\u00e9<\/strong>\ud835\udc27\ud835\udc1e\ud835\udc2b\ud835\udc20\ud835\udc22\ud835\udc1e \ud835\udc1d\ud835\udc2e \ud835\udc1c\ud835\udc28\ud835\udc2b\ud835\udc29\ud835\udc2c, \ud835\udc1a\ud835\udc29\ud835\udc1a\ud835\udc22\ud835\udc2c\ud835\udc1e\ud835\udc2b \ud835\udc25\ud835\udc1e\ud835\udc2c \ud835\udc2d\ud835\udc1e\ud835\udc27\ud835\udc2c\ud835\udc22\ud835\udc28\ud835\udc27\ud835\udc2c, \ud835\udc1e\ud835\udc2d \ud835\udc1f\ud835\udc1a\ud835\udc2f\ud835\udc28\ud835\udc2b\ud835\udc22\ud835\udc2c\ud835\udc1e\ud835\udc2b \ud835\udc2e\ud835\udc27\ud835\udc1e \ud835\udc29\ud835\udc2b\ud835\udc28\ud835\udc1f\ud835\udc28\ud835\udc27\ud835\udc1d\ud835\udc1e \ud835\udc2b\ud835\udc1e\ud835\udc25\ud835\udc1a\ud835\udc31\ud835\udc1a\ud835\udc2d\ud835\udc22\ud835\udc28\ud835\udc27.<\/p>\n\n\n\n<p>Cette m\u00e9thode douce permet de :<\/p>\n\n\n\n<p>&#8211; <a><\/a>Lib\u00e9rer les blocages \u00e9nerg\u00e9tiques<\/p>\n\n\n\n<p>&#8211; R\u00e9duire le stress et les douleurs<\/p>\n\n\n\n<p>&#8211; Harmoniser les chakras et les \u00e9nergies subtiles`<\/p>\n\n\n\n<p>&#8211; Accompagnement dans le sevrage des addictions (tabac, alcool, sucre&#8230;)<\/p>\n\n\n\n<p>Chaque s\u00e9ance est adapt\u00e9 \u00e0 vos besoins pour soutenir votre chemin vers le bien \u00eatre.<\/p>\n\n\n\n<p>Prenez rdv avec Amandine au \ud835\udfce\ud835\udfd4.\ud835\udfd0\ud835\udfd1.\ud835\udfd2\ud835\udfd4.\ud835\udfd5\ud835\udfd7.\ud835\udfce\ud835\udfd4<\/p>\n\n\n\n<p><\/p>\n","protected":false},"excerpt":{"rendered":"<p>Chaque lundi apr\u00e8s-midi, Amandine vous invite \u00e0 d\u00e9couvrir \ud835\udc25\ud835\udc1e\ud835\udc2c \ud835\udc1b\ud835\udc22\ud835\udc1e\ud835\udc27\ud835\udc1f\ud835\udc1a\ud835\udc22\ud835\udc2d\ud835\udc2c \ud835\udc1d\ud835\udc1e \ud835\udc25\ud835\udc1a \ud835\udc2d\ud835\udc21\u00e9\ud835\udc2b\ud835\udc1a\ud835\udc29\ud835\udc22\ud835\udc1e \ud835\udc29\ud835\udc1a\ud835\udc2b \ud835\udc25\ud835\udc1e \ud835\udc2c\ud835\udc28\ud835\udc27 \ud835\udc1e\ud835\udc2d \ud835\udc25\ud835\udc1e\ud835\udc2c \ud835\udc2f\ud835\udc22\ud835\udc1b\ud835\udc2b\ud835\udc1a\ud835\udc2d\ud835\udc22\ud835\udc28\ud835\udc27\ud835\udc2c. Gr\u00e2ce aux diapasons, des fr\u00e9quences sp\u00e9cifiques sont utilis\u00e9es pour \ud835\udc2b\u00e9\u00e9\ud835\udc2a\ud835\udc2e\ud835\udc22\ud835\udc25\ud835\udc22\ud835\udc1b\ud835\udc2b\ud835\udc1e\ud835\udc2b \ud835\udc25&rsquo;\u00e9\ud835\udc27\ud835\udc1e\ud835\udc2b\ud835\udc20\ud835\udc22\ud835\udc1e \ud835\udc1d\ud835\udc2e \ud835\udc1c\ud835\udc28\ud835\udc2b\ud835\udc29\ud835\udc2c, \ud835\udc1a\ud835\udc29\ud835\udc1a\ud835\udc22\ud835\udc2c\ud835\udc1e\ud835\udc2b \ud835\udc25\ud835\udc1e\ud835\udc2c \ud835\udc2d\ud835\udc1e\ud835\udc27\ud835\udc2c\ud835\udc22\ud835\udc28\ud835\udc27\ud835\udc2c, \ud835\udc1e\ud835\udc2d \ud835\udc1f\ud835\udc1a\ud835\udc2f\ud835\udc28\ud835\udc2b\ud835\udc22\ud835\udc2c\ud835\udc1e\ud835\udc2b \ud835\udc2e\ud835\udc27\ud835\udc1e \ud835\udc29\ud835\udc2b\ud835\udc28\ud835\udc1f\ud835\udc28\ud835\udc27\ud835\udc1d\ud835\udc1e \ud835\udc2b\ud835\udc1e\ud835\udc25\ud835\udc1a\ud835\udc31\ud835\udc1a\ud835\udc2d\ud835\udc22\ud835\udc28\ud835\udc27. Cette m\u00e9thode douce permet de : &#8211; Lib\u00e9rer les blocages \u00e9nerg\u00e9tiques &#8211; R\u00e9duire le stress &hellip; <\/p>\n<p class=\"link-more\"><a href=\"https:\/\/plouescale.fr\/index.php\/soin-sonore-avec-les-diapasons\/\" class=\"more-link\">Lire la suite de<span class=\"screen-reader-text\">\u00ab\u00a0Soin sonore avec les diapasons\u00a0\u00bb<\/span><\/a><\/p>\n","protected":false},"author":1,"featured_media":0,"parent":0,"menu_order":0,"comment_status":"closed","ping_status":"closed","template":"","meta":{"footnotes":""},"class_list":["post-563","page","type-page","status-publish","hentry"],"_links":{"self":[{"href":"https:\/\/plouescale.fr\/index.php\/wp-json\/wp\/v2\/pages\/563","targetHints":{"allow":["GET"]}}],"collection":[{"href":"https:\/\/plouescale.fr\/index.php\/wp-json\/wp\/v2\/pages"}],"about":[{"href":"https:\/\/plouescale.fr\/index.php\/wp-json\/wp\/v2\/types\/page"}],"author":[{"embeddable":true,"href":"https:\/\/plouescale.fr\/index.php\/wp-json\/wp\/v2\/users\/1"}],"replies":[{"embeddable":true,"href":"https:\/\/plouescale.fr\/index.php\/wp-json\/wp\/v2\/comments?post=563"}],"version-history":[{"count":3,"href":"https:\/\/plouescale.fr\/index.php\/wp-json\/wp\/v2\/pages\/563\/revisions"}],"predecessor-version":[{"id":826,"href":"https:\/\/plouescale.fr\/index.php\/wp-json\/wp\/v2\/pages\/563\/revisions\/826"}],"wp:attachment":[{"href":"https:\/\/plouescale.fr\/index.php\/wp-json\/wp\/v2\/media?parent=563"}],"curies":[{"name":"wp","href":"https:\/\/api.w.org\/{rel}","templated":true}]}}