{"id":850,"date":"2025-07-14T18:51:48","date_gmt":"2025-07-14T16:51:48","guid":{"rendered":"https:\/\/plouescale.fr\/?page_id=850"},"modified":"2026-03-29T17:51:57","modified_gmt":"2026-03-29T15:51:57","slug":"tarifs","status":"publish","type":"page","link":"https:\/\/plouescale.fr\/index.php\/tarifs\/","title":{"rendered":"Tarifs"},"content":{"rendered":"\n<p> \ud83d\udd0e Cette page est cours de r\u00e9daction, pensez \u00e0 demander les tarifs \u00e0 chaque praticien ou \u00e0 consulter leur page respective<\/p>\n\n\n\n<p><strong><mark style=\"background-color:rgba(0, 0, 0, 0);color:#f06b0f\" class=\"has-inline-color\">S\u00e9ances individuelles<\/mark><\/strong><\/p>\n\n\n\n<p><strong><mark style=\"background-color:rgba(0, 0, 0, 0);color:#7b07df\" class=\"has-inline-color\">Massages <\/mark><\/strong><\/p>\n\n\n\n<p>\u2728 <strong>Avec Solen<\/strong>, consulter <a href=\"https:\/\/eft-massage.fr\/massages-bien-etre\/\"><strong>son site internet pour + d&rsquo;info<\/strong><\/a> <\/p>\n\n\n\n<ul class=\"wp-block-list\">\n<li>Massages d&rsquo;une heure (compter 1h30 en tout) : <strong>75 euros<\/strong>\n<ul class=\"wp-block-list\">\n<li>massage tao\u00efste du ventre<\/li>\n\n\n\n<li>massage cocooning personnalis\u00e9<\/li>\n\n\n\n<li>massage habill\u00e9 <\/li>\n<\/ul>\n<\/li>\n\n\n\n<li>Forfait \u00ab\u00a0A partir de 3 massages r\u00e9partis sur un an\u00a0\u00bb : <strong>70 euros\/massage<\/strong><\/li>\n\n\n\n<li><\/li>\n\n\n\n<li>massage Amma Assis (30 minutes) : <strong>40 euros<\/strong><\/li>\n<\/ul>\n\n\n\n<p>\u2728 <strong>Avec Marine<\/strong> : <a href=\"https:\/\/marine-source-de-douceur.com\/tarifs\/\">consulter son site internet<\/a><\/p>\n\n\n\n<p>\u2728 Massage en duo (1h) : <strong>150 euros<\/strong> (<a href=\"https:\/\/eft-massage.fr\/massage-en-duo\/\"><strong>Decouvrez cette pratique<\/strong>)<\/a><\/p>\n\n\n\n<p>\u2728 Massage \u00e0 4 mains, 2 praticiens pour un.e mass\u00e9.e (1h) : <strong>150 euros<\/strong> (<a href=\"https:\/\/eft-massage.fr\/massage-a-4-mains\/\"><strong>Decouvrez cette pratique<\/strong>)<\/a><\/p>\n\n\n\n<p>\u2728 <strong>Avec Emmanuelle<\/strong>, consulter son site <a href=\"https:\/\/www.facebook.com\/unnouveausouffle.sophrologie\/\"><strong>sa page facebook pour + d&rsquo;info<\/strong><\/a><\/p>\n\n\n\n<ul class=\"wp-block-list\">\n<li>Massage \u00e9nerg\u00e9tique : <strong>90 \u20ac<\/strong> &#8211; 1h00<\/li>\n\n\n\n<li>Sophro-massage : <strong>140 \u20ac<\/strong> &#8211; 2h00<\/li>\n<\/ul>\n\n\n\n<p>\u2728 <strong>R\u00e9flexologie avec Sonia<\/strong> : <\/p>\n\n\n\n<ul class=\"wp-block-list\">\n<li>S\u00e9ance de suivi th\u00e9rapeutique : 70 euros<\/li>\n\n\n\n<li>S\u00e9ance enfant : 55 euros<\/li>\n<\/ul>\n\n\n\n<p><mark style=\"background-color:rgba(0, 0, 0, 0);color:#9312f6\" class=\"has-inline-color\"><strong>Accompagnements<\/strong><\/mark><\/p>\n\n\n\n<p>\u2728 <strong>Avec Solen<\/strong><\/p>\n\n\n\n<ul class=\"wp-block-list\">\n<li>Accompagnement personnalis\u00e9 sur 5 s\u00e9ances : <strong>80 euros\/s\u00e9ance<\/strong> (<strong><a href=\"https:\/\/eft-massage.fr\/accompagnement-2\/\">+ d&rsquo;infos)<\/a><\/strong><\/li>\n\n\n\n<li>S\u00e9ances d&rsquo;EFT (<strong><a href=\"https:\/\/eft-massage.fr\/eft\/\">+ d&rsquo;infos)<\/a><\/strong> : <strong>90 euros\/s\u00e9ance<\/strong> (<strong>30 euros<\/strong>&nbsp;suppl\u00e9mentaires pour la r\u00e9daction d\u2019un protocole personnalis\u00e9, envoy\u00e9 par mail apr\u00e8s la s\u00e9ance<\/li>\n<\/ul>\n\n\n\n<p>\u2728 <strong>Avec Marine<\/strong> (kin\u00e9siologie) : <a href=\"https:\/\/marine-source-de-douceur.com\/tarifs\/\">consulter son site internet <\/a><\/p>\n\n\n\n<p>\u2728 <strong>Avec Emmanuelle<\/strong> (sophrologie)<\/p>\n\n\n\n<ul class=\"wp-block-list\">\n<li>1\u00e8re s\u00e9ance :\n<ul class=\"wp-block-list\">\n<li>Adultes : <strong>70 \u20ac <\/strong>&#8211; 1h30<\/li>\n\n\n\n<li>Enfants et ados: <strong>60\u20ac<\/strong> &#8211; 1h00<\/li>\n<\/ul>\n<\/li>\n\n\n\n<li>S\u00e9ances suivantes :\n<ul class=\"wp-block-list\">\n<li>Adultes : <strong>60 \u20ac <\/strong>&#8211; 1h00<\/li>\n\n\n\n<li>Enfants et ados : <strong>50 \u20ac<\/strong> &#8211; 45 min<\/li>\n<\/ul>\n<\/li>\n<\/ul>\n\n\n\n<p>\u2728 <strong>Avec Sonia<\/strong> (R\u00e9flexologie plantaire et palmaire) : <a href=\"https:\/\/www.facebook.com\/reflexologue.sonia.bizien\/?locale=fr_FR\">consulter son site internet<\/a><\/p>\n\n\n\n<p>\u2728 <strong>Avec Sylvie<\/strong> (Coaching de vie) : <a href=\"https:\/\/www.linkedin.com\/in\/sylvie-bauer-967139264\/\">consulter son site internet<\/a><\/p>\n\n\n\n<p>\u2728 <strong>Avec Tatiana<\/strong> (Ayurv\u00e9da et Tao\u00efsme) <\/p>\n\n\n\n<p><mark style=\"background-color:rgba(0, 0, 0, 0);color:#9312f6\" class=\"has-inline-color\"><strong>Soins \u00e9nerg\u00e9tiques<\/strong><\/mark><\/p>\n\n\n\n<p>\u2728 <strong>Avec Marine<\/strong> (Reiki) : <a href=\"https:\/\/marine-source-de-douceur.com\/tarifs\/\">consulter son site internet<\/a> <\/p>\n\n\n\n<p>\u2728 <strong>Avec Sylvie<\/strong> (LaHoChi) : <a href=\"https:\/\/www.linkedin.com\/in\/sylvie-bauer-967139264\/\">consulter son site internet<\/a><\/p>\n\n\n\n<p>\u2728 <strong>Avec Amandine<\/strong> (soin \u00e9nerg\u00e9tique accompagn\u00e9 des diapasons) : <a href=\"https:\/\/mysticbienetre.com\/\">consulter son site internet<\/a><\/p>\n\n\n\n<p><mark style=\"background-color:rgba(0, 0, 0, 0);color:#9312f6\" class=\"has-inline-color\"><strong>Cartomancie :<\/strong><\/mark><\/p>\n\n\n\n<p>\u2728 <strong>Avec Aurore<\/strong> : 65 euros la s\u00e9ance<\/p>\n\n\n\n<p><strong><mark style=\"background-color:rgba(0, 0, 0, 0);color:#f06b0f\" class=\"has-inline-color\">Cours\/ateliers collectifs :<\/mark><\/strong><\/p>\n\n\n\n<p><mark style=\"background-color:rgba(0, 0, 0, 0);color:#9312f6\" class=\"has-inline-color\"><strong>Yoga<\/strong><\/mark> (1h30 de cours)<\/p>\n\n\n\n<p>&#8211; 1 cours isol\u00e9 : 25\u20ac<\/p>\n\n\n\n<p>&#8211; 20 cours : 15\u20ac\/cours 300\u20ac\/an<\/p>\n\n\n\n<p>&#8211; 30 cours : 13\u20ac\/cours 390\u20ac\/an<\/p>\n\n\n\n<p>&#8211; Au trimestre : 16\u20ac\/cours soit:<\/p>\n\n\n\n<p>8 sept au 17 oct: : 96\u20ac (6 semaines )<\/p>\n\n\n\n<p>3 nov au 19 d\u00e9c : 112\u20ac (7 semaines )<\/p>\n\n\n\n<p>5 janv au 13 f\u00e9v : 96\u20ac (6 semaines)<\/p>\n\n\n\n<p>2 mars au 10 avr : 96\u20ac ( 6 semaines)<\/p>\n\n\n\n<p><mark style=\"background-color:rgba(0, 0, 0, 0);color:#9312f6\" class=\"has-inline-color\"><strong>Pilates<\/strong><\/mark> (1h de cours)<\/p>\n\n\n\n<p>cours d&rsquo;essai : 10\u20ac<\/p>\n\n\n\n<p>&#8211; 1 cours seul : 20\u20ac<\/p>\n\n\n\n<p>&#8211; 20 cours*: 14\u20ac\/cours soit 280\u20ac\/an<\/p>\n\n\n\n<p>&#8211; 30 cours**: 12\u20ac\/cours soit 360\u20ac\/an<\/p>\n\n\n\n<p>&#8211; Au trimestre : 15\u20ac\/cours soit :<\/p>\n\n\n\n<p>\u2022 8 sept au 17 oct : 90\u20ac (6 semaines)<\/p>\n\n\n\n<p>\u2022 3 nov au 19 d\u00e9c : 105\u20ac (7 semaines)<\/p>\n\n\n\n<p>\u2022 5 janv au 13 f\u00e9v : 90\u20ac ( 6 semaines)<\/p>\n\n\n\n<p>\u2022 2 mars au 10 avr : 90\u20ac (6 semaines)<\/p>\n\n\n\n<p>\u2022 27 avr au 3 juillet : 150\u20ac (10 semaines)<\/p>\n\n\n\n<p>* cours ajout\u00e9 : 15\u20ac\/cours<\/p>\n\n\n\n<p>**cours ajout\u00e9 : 15\u20ac\/cours.<\/p>\n\n\n\n<p><mark style=\"background-color:rgba(0, 0, 0, 0);color:#9312f6\" class=\"has-inline-color\"><strong>Yoga du rire<\/strong><\/mark> (1h de cours)<\/p>\n\n\n\n<p><img loading=\"lazy\" decoding=\"async\" height=\"16\" width=\"16\" src=\"https:\/\/static.xx.fbcdn.net\/images\/emoji.php\/v9\/tf4\/1\/16\/2728.png\" alt=\"\u2728\"> A l&rsquo;ann\u00e9e (20 cours) : 280\u20ac, soit 14\u20ac le cours<\/p>\n\n\n\n<p><img loading=\"lazy\" decoding=\"async\" height=\"16\" width=\"16\" alt=\"\u2728\" src=\"https:\/\/static.xx.fbcdn.net\/images\/emoji.php\/v9\/tf4\/1\/16\/2728.png\"> 1 cours\/mois (10 cours) : 150\u20ac, soit 15\u20ac le cours<\/p>\n\n\n\n<p><img loading=\"lazy\" decoding=\"async\" height=\"16\" width=\"16\" alt=\"\u2728\" src=\"https:\/\/static.xx.fbcdn.net\/images\/emoji.php\/v9\/tf4\/1\/16\/2728.png\"> 1er trimestre (7 cours) : 112\u20ac, soit 16\u20ac le cours<\/p>\n\n\n\n<p><img loading=\"lazy\" decoding=\"async\" height=\"16\" width=\"16\" alt=\"\u2728\" src=\"https:\/\/static.xx.fbcdn.net\/images\/emoji.php\/v9\/tf4\/1\/16\/2728.png\"> 2\u00e8me trimestre (7 cours) : 112\u20ac, soit 16\u20ac le cours<\/p>\n\n\n\n<p><img loading=\"lazy\" decoding=\"async\" height=\"16\" width=\"16\" alt=\"\u2728\" src=\"https:\/\/static.xx.fbcdn.net\/images\/emoji.php\/v9\/tf4\/1\/16\/2728.png\"> 3\u00e8me trimestre (6 cours) : 96\u20ac, soit 16\u20ac le cours<\/p>\n\n\n\n<p><img loading=\"lazy\" decoding=\"async\" height=\"16\" width=\"16\" src=\"https:\/\/static.xx.fbcdn.net\/images\/emoji.php\/v9\/tf4\/1\/16\/2728.png\" alt=\"\u2728\"> S\u00e9ance ponctuelle : 18\u20ac le cours<\/p>\n\n\n\n<p><mark style=\"background-color:rgba(0, 0, 0, 0);color:#9312f6\" class=\"has-inline-color\"><strong>Qi Gong<\/strong><\/mark><\/p>\n\n\n\n<p><\/p>\n","protected":false},"excerpt":{"rendered":"<p>\ud83d\udd0e Cette page est cours de r\u00e9daction, pensez \u00e0 demander les tarifs \u00e0 chaque praticien ou \u00e0 consulter leur page respective S\u00e9ances individuelles Massages \u2728 Avec Solen, consulter son site internet pour + d&rsquo;info \u2728 Avec Marine : consulter son site internet \u2728 Massage en duo (1h) : 150 euros (Decouvrez cette pratique) \u2728 Massage &hellip; <\/p>\n<p class=\"link-more\"><a href=\"https:\/\/plouescale.fr\/index.php\/tarifs\/\" class=\"more-link\">Lire la suite de<span class=\"screen-reader-text\">\u00ab\u00a0Tarifs\u00a0\u00bb<\/span><\/a><\/p>\n","protected":false},"author":1,"featured_media":0,"parent":0,"menu_order":0,"comment_status":"closed","ping_status":"closed","template":"","meta":{"footnotes":""},"class_list":["post-850","page","type-page","status-publish","hentry"],"_links":{"self":[{"href":"https:\/\/plouescale.fr\/index.php\/wp-json\/wp\/v2\/pages\/850","targetHints":{"allow":["GET"]}}],"collection":[{"href":"https:\/\/plouescale.fr\/index.php\/wp-json\/wp\/v2\/pages"}],"about":[{"href":"https:\/\/plouescale.fr\/index.php\/wp-json\/wp\/v2\/types\/page"}],"author":[{"embeddable":true,"href":"https:\/\/plouescale.fr\/index.php\/wp-json\/wp\/v2\/users\/1"}],"replies":[{"embeddable":true,"href":"https:\/\/plouescale.fr\/index.php\/wp-json\/wp\/v2\/comments?post=850"}],"version-history":[{"count":19,"href":"https:\/\/plouescale.fr\/index.php\/wp-json\/wp\/v2\/pages\/850\/revisions"}],"predecessor-version":[{"id":1291,"href":"https:\/\/plouescale.fr\/index.php\/wp-json\/wp\/v2\/pages\/850\/revisions\/1291"}],"wp:attachment":[{"href":"https:\/\/plouescale.fr\/index.php\/wp-json\/wp\/v2\/media?parent=850"}],"curies":[{"name":"wp","href":"https:\/\/api.w.org\/{rel}","templated":true}]}}